{"id":1053,"date":"2021-01-28T14:27:23","date_gmt":"2021-01-28T12:27:23","guid":{"rendered":"https:\/\/kyttering.eu\/avaleht\/"},"modified":"2021-03-04T14:57:40","modified_gmt":"2021-03-04T12:57:40","slug":"avaleht","status":"publish","type":"page","link":"https:\/\/kyttering.eu\/ru\/","title":{"rendered":"\u0413\u043b\u0430\u0432\u043d\u0430\u044f \u0441\u0442\u0440\u0430\u043d\u0438\u0446\u0430"},"content":{"rendered":"\n  <div class=\"banner has-hover has-video\" id=\"banner-1172966191\">\n          <div class=\"banner-inner fill\">\n        <div class=\"banner-bg fill\" >\n            <img decoding=\"async\" width=\"768\" height=\"434\" src=\"https:\/\/kyttering.eu\/wp-content\/uploads\/2021\/01\/katlad-soojuspumbad.jpg\" class=\"bg attachment-large size-large\" alt=\"\" \/>            \t<div class=\"video-overlay no-click fill hide-for-small\"><\/div>\n\t<video class=\"video-bg fill hide-for-small\" preload playsinline autoplay muted loop>\n\t\t<source src=\"https:\/\/kyttering.eu\/wp-content\/uploads\/2020\/12\/kyttering-header-video-201202.mp4\" type=\"video\/mp4\">\t<\/video>\n                        \n                    <\/div>\n\t\t\n        <div class=\"banner-layers container\">\n            <div class=\"fill banner-link\"><\/div>            \n        <\/div>\n      <\/div>\n\n              <div class=\"height-fix is-invisible\"><img decoding=\"async\" width=\"768\" height=\"434\" src=\"https:\/\/kyttering.eu\/wp-content\/uploads\/2021\/01\/katlad-soojuspumbad.jpg\" class=\"attachment-large size-large\" alt=\"\" srcset=\"https:\/\/kyttering.eu\/wp-content\/uploads\/2021\/01\/katlad-soojuspumbad.jpg 768w, https:\/\/kyttering.eu\/wp-content\/uploads\/2021\/01\/katlad-soojuspumbad-300x170.jpg 300w, https:\/\/kyttering.eu\/wp-content\/uploads\/2021\/01\/katlad-soojuspumbad-600x339.jpg 600w\" sizes=\"(max-width: 768px) 100vw, 768px\" \/><\/div>\n              <\/div>\n\n\n<div class=\"row\"  id=\"row-1889515645\">\n\n\t<div id=\"col-1426975000\" class=\"col medium-8 small-12 large-8\"  >\n\t\t\t\t<div class=\"col-inner\"  >\n\t\t\t\n\t\t\t\n\n  \n    <div class=\"row fp-news large-columns-1 medium-columns-1 small-columns-1\" >\n  <div class=\"col post-item\" >\n\t\t\t<div class=\"col-inner\">\n\t\t\t\t<div class=\"box box-normal box-text-bottom box-blog-post has-hover\">\n          \t\t\t\t\t<div class=\"box-text text-left\" >\n\t\t\t\t\t<div class=\"box-text-inner blog-post-inner\">\n\n\t\t\t\t\t\n\t\t\t\t\t\t\t\t\t\t<h5 class=\"post-title is-larger \">\n\t\t\t\t\t\t<a href=\"https:\/\/kyttering.eu\/ru\/energia-kokkuhoid-kuttesusteemide-hooldus\/\" class=\"plain\">\u042d\u043a\u043e\u043d\u043e\u043c\u0438\u044f \u044d\u043d\u0435\u0440\u0433\u0438\u0438 \u2013 \u043e\u0431\u0441\u043b\u0443\u0436\u0438\u0432\u0430\u043d\u0438\u0435 \u0441\u0438\u0441\u0442\u0435\u043c \u043e\u0442\u043e\u043f\u043b\u0435\u043d\u0438\u044f!<\/a>\n\t\t\t\t\t<\/h5>\n\t\t\t\t\t\t\t\t\t\t<div class=\"is-divider\"><\/div>\n\t\t\t\t\t\t\t\t\t\t<p class=\"from_the_blog_excerpt \">\n\t\t\t\t\t\t\u0412 \u0440\u0435\u0437\u0443\u043b\u044c\u0442\u0430\u0442\u0435 \u044d\u043a\u043e\u043d\u043e\u043c\u0438\u0447\u0435\u0441\u043a\u043e\u0433\u043e \u0440\u0430\u0437\u0432\u0438\u0442\u0438\u044f \u043f\u0440\u0435\u0434\u044b\u0434\u0443\u0449\u0438\u0445 \u043b\u0435\u0442 \u043a\u043e\u043b\u0438\u0447\u0435\u0441\u0442\u0432\u043e \u043d\u043e\u0432\u043e\u0439 \u0436\u0438\u043b\u043f\u043b\u043e\u0449\u0430\u0434\u0438 \u0440\u0435\u0437\u043a\u043e \u0432\u043e\u0437\u0440\u043e\u0441\u043b\u043e. \u042d\u0442\u043e\u043c\u0443 \u0441\u043e\u043f\u0443\u0442\u0441\u0442\u0432\u0443\u044e\u0442 \u043a\u0430\u043a \u0438\u043d\u043d\u043e\u0432\u0430\u0446\u0438\u0438 \u0432\u0441\u0435\u0445 \u0438\u043d\u0436\u0435\u043d\u0435\u0440\u043d\u044b\u0445 \u0441\u0438\u0441\u0442\u0435\u043c, \u0442\u0430\u043a \u0438 \u0441\u0442\u0440\u043e\u0438\u0442\u0435\u043b\u044c\u0441\u0442\u0432\u043e \u043d\u043e\u0432\u044b\u0445 \u0441\u0438\u0441\u0442\u0435\u043c. \u0423 \u043a\u0430\u0436\u0434\u043e\u0439 \u0441\u0438\u0441\u0442\u0435\u043c\u044b \u0435\u0441\u0442\u044c \u0441\u0432\u043e\u0439 \u0441\u0440\u043e\u043a \u0441\u043b\u0443\u0436\u0431\u044b, \u0437\u0430\u0432\u0438\u0441\u044f\u0449\u0438\u0439 \u043e\u0442 \u0440\u0435\u0436\u0438\u043c\u0430 \u044d\u043a\u0441\u043f\u043b\u0443\u0430\u0442\u0430\u0446\u0438\u0438.\t\t\t\t\t<\/p>\n\t\t\t\t\t                    \n\t\t\t\t\t\t\t\t\t\t\t<a href=\"https:\/\/kyttering.eu\/ru\/energia-kokkuhoid-kuttesusteemide-hooldus\/\" class=\"button secondary is-outline is-small mb-0\">\n\t\t\t\t\t\t\t\u0427\u0438\u0442\u0430\u0442\u044c \u0434\u0430\u043b\u0435\u0435\t\t\t\t\t\t<\/a>\n\t\t\t\t\t\n\t\t\t\t\t\n\t\t\t\t\t<\/div>\n\t\t\t\t\t<\/div>\n\t\t\t\t\t\t\t\t\t<\/div>\n\t\t\t<\/div>\n\t\t<\/div><div class=\"col post-item\" >\n\t\t\t<div class=\"col-inner\">\n\t\t\t\t<div class=\"box box-normal box-text-bottom box-blog-post has-hover\">\n            \t\t\t\t\t<div class=\"box-image\" style=\"width:45%;\">\n  \t\t\t\t\t\t<div class=\"image-zoom image-cover\" style=\"padding-top:100%;\">\n\t\t\t\t\t\t\t<a href=\"https:\/\/kyttering.eu\/ru\/bosch-premium-partner\/\" class=\"plain\" aria-label=\"\u041f\u0440\u0435\u043c\u0438\u0443\u043c-\u043f\u0430\u0440\u0442\u043d\u0435\u0440\u043e\u043c \u0444\u0438\u0440\u043c\u044b Bosch\">\n\t\t\t\t\t\t\t\t<img decoding=\"async\" width=\"450\" height=\"368\" src=\"https:\/\/kyttering.eu\/wp-content\/uploads\/2020\/12\/bosch-premium-partner-logo.jpg\" class=\"attachment-medium size-medium wp-post-image\" alt=\"Bosch Premium Partner\" srcset=\"https:\/\/kyttering.eu\/wp-content\/uploads\/2020\/12\/bosch-premium-partner-logo.jpg 450w, https:\/\/kyttering.eu\/wp-content\/uploads\/2020\/12\/bosch-premium-partner-logo-300x245.jpg 300w\" sizes=\"(max-width: 450px) 100vw, 450px\" \/>\t\t\t\t\t\t\t<\/a>\n  \t\t\t\t\t\t\t  \t\t\t\t\t\t\t  \t\t\t\t\t\t<\/div>\n  \t\t\t\t\t\t  \t\t\t\t\t<\/div>\n          \t\t\t\t\t<div class=\"box-text text-left\" >\n\t\t\t\t\t<div class=\"box-text-inner blog-post-inner\">\n\n\t\t\t\t\t\n\t\t\t\t\t\t\t\t\t\t<h5 class=\"post-title is-larger \">\n\t\t\t\t\t\t<a href=\"https:\/\/kyttering.eu\/ru\/bosch-premium-partner\/\" class=\"plain\">\u041f\u0440\u0435\u043c\u0438\u0443\u043c-\u043f\u0430\u0440\u0442\u043d\u0435\u0440\u043e\u043c \u0444\u0438\u0440\u043c\u044b Bosch<\/a>\n\t\t\t\t\t<\/h5>\n\t\t\t\t\t\t\t\t\t\t<div class=\"is-divider\"><\/div>\n\t\t\t\t\t\t\t\t\t\t<p class=\"from_the_blog_excerpt \">\n\t\t\t\t\t\tK\u00fcttering O\u00dc \u044f\u0432\u043b\u044f\u0435\u0442\u0441\u044f \u043e\u0444\u0438\u0446\u0438\u0430\u043b\u044c\u043d\u044b\u043c \u041f\u0440\u0435\u043c\u0438\u0443\u043c-\u043f\u0430\u0440\u0442\u043d\u0435\u0440\u043e\u043c \u0444\u0438\u0440\u043c\u044b Bosch. \u0411\u043b\u0430\u0433\u043e\u0434\u0430\u0440\u044f \u0442\u043e\u043c\u0443, \u0447\u0442\u043e \u043c\u044b \u0443\u0441\u0442\u0430\u043d\u0430\u0432\u043b\u0438\u0432\u0430\u0435\u043c \u0442\u0435\u043f\u043b\u043e\u0442\u0435\u0445\u043d\u0438\u043a\u0443 Bosch \u043a\u0430\u0447\u0435\u0441\u0442\u0432\u0435\u043d\u043d\u043e, \u043a\u043b\u0438\u0435\u043d\u0442 \u043f\u043e\u043b\u0443\u0447\u0430\u0435\u0442 \u0431\u043e\u043b\u0435\u0435 \u0434\u043b\u0438\u0442\u0435\u043b\u044c\u043d\u044b\u0439 \u0433\u0430\u0440\u0430\u043d\u0442\u0438\u0439\u043d\u044b\u0439 \u0441\u0440\u043e\u043a \u043d\u0430 \u0441\u0432\u043e\u0439 \u0442\u0435\u043f\u043b\u043e\u0432\u043e\u0439 \u043d\u0430\u0441\u043e\u0441. 5-\u043b\u0435\u0442\u043d\u044f\u044f \u0437\u0430\u0432\u043e\u0434\u0441\u043a\u0430\u044f \u0433\u0430\u0440\u0430\u043d\u0442\u0438\u044f \u0417\u0430\u043a\u0430\u0437\u0430\u0432 \u0441\u0432\u043e\u044e \u0441\u0438\u0441\u0442\u0435\u043c\u0443 \u0442\u0435\u043f\u043b\u043e\u0432\u043e\u0433\u043e \u043d\u0430\u0441\u043e\u0441\u0430 Bosch \u0443 \u043d\u0430\u0441, \u0412\u044b \u043f\u043e\u043b\u0443\u0447\u0438\u0442\u0435 \u043f\u0440\u0435\u0432\u043e\u0441\u0445\u043e\u0434\u043d\u0443\u044e \u0434\u043e\u043f\u043e\u043b\u043d\u0438\u0442\u0435\u043b\u044c\u043d\u0443\u044e \u0446\u0435\u043d\u043d\u043e\u0441\u0442\u044c: \u044d\u043a\u0441\u043a\u043b\u044e\u0437\u0438\u0432\u043d\u0443\u044e \u043f\u0440\u043e\u0434\u043b\u0435\u043d\u043d\u0443\u044e \u0433\u0430\u0440\u0430\u043d\u0442\u0438\u044e. \u041d\u0430 \u043f\u0440\u043e\u0442\u044f\u0436\u0435\u043d\u0438\u0438 \u043f\u044f\u0442\u0438 \u043b\u0435\u0442 \u0412\u0430\u0448 \u043d\u043e\u0432\u044b\u0439\t\t\t\t\t<\/p>\n\t\t\t\t\t                    \n\t\t\t\t\t\t\t\t\t\t\t<a href=\"https:\/\/kyttering.eu\/ru\/bosch-premium-partner\/\" class=\"button secondary is-outline is-small mb-0\">\n\t\t\t\t\t\t\t\u0427\u0438\u0442\u0430\u0442\u044c \u0434\u0430\u043b\u0435\u0435\t\t\t\t\t\t<\/a>\n\t\t\t\t\t\n\t\t\t\t\t\n\t\t\t\t\t<\/div>\n\t\t\t\t\t<\/div>\n\t\t\t\t\t\t\t\t\t<\/div>\n\t\t\t<\/div>\n\t\t<\/div><\/div>\n\t\t<\/div>\n\t\t\t\t\t<\/div>\n\n\t\n\n\t<div id=\"col-281516597\" class=\"col medium-4 small-12 large-4\"  >\n\t\t\t\t<div class=\"col-inner\"  >\n\t\t\t\n\t\t\t\n\n  <div class=\"banner has-hover has-video hide-for-medium\" id=\"banner-1962514598\">\n          <div class=\"banner-inner fill\">\n        <div class=\"banner-bg fill\" >\n                        \t<div class=\"video-overlay no-click fill hide-for-medium\"><\/div>\n\t<video class=\"video-bg fill hide-for-medium\" preload playsinline autoplay muted loop>\n\t\t<source src=\"https:\/\/kyttering.eu\/wp-content\/uploads\/2020\/12\/kyttering-video.mp4\" type=\"video\/mp4\">\t<\/video>\n                        \n                    <\/div>\n\t\t\n        <div class=\"banner-layers container\">\n            <div class=\"fill banner-link\"><\/div>            \n        <\/div>\n      <\/div>\n\n            \n<style>\n#banner-1962514598 {\n  padding-top: 200px;\n}\n<\/style>\n  <\/div>\n\n\n<div class=\"container section-title-container\" ><h3 class=\"section-title section-title-normal\"><b aria-hidden=\"true\"><\/b><span class=\"section-title-main\" >\u0417\u0430\u043f\u0440\u043e\u0441\u0438\u0442\u044c \u043f\u0440\u0435\u0434\u043b\u043e\u0436\u0435\u043d\u0438\u0435<\/span><b aria-hidden=\"true\"><\/b><\/h3><\/div>\n\n<div class=\"wpcf7 no-js\" id=\"wpcf7-f1330-o1\" lang=\"et\" dir=\"ltr\" data-wpcf7-id=\"1330\">\n<div class=\"screen-reader-response\"><p role=\"status\" aria-live=\"polite\" aria-atomic=\"true\"><\/p> <ul><\/ul><\/div>\n<form action=\"\/ru\/wp-json\/wp\/v2\/pages\/1053#wpcf7-f1330-o1\" method=\"post\" class=\"wpcf7-form init\" aria-label=\"Contact form\" novalidate=\"novalidate\" data-status=\"init\">\n<fieldset class=\"hidden-fields-container\"><input type=\"hidden\" name=\"_wpcf7\" value=\"1330\" \/><input type=\"hidden\" name=\"_wpcf7_version\" value=\"6.1.5\" \/><input type=\"hidden\" name=\"_wpcf7_locale\" value=\"et\" \/><input type=\"hidden\" name=\"_wpcf7_unit_tag\" value=\"wpcf7-f1330-o1\" \/><input type=\"hidden\" name=\"_wpcf7_container_post\" value=\"0\" \/><input type=\"hidden\" name=\"_wpcf7_posted_data_hash\" value=\"\" \/><input type=\"hidden\" name=\"_wpcf7cf_hidden_group_fields\" value=\"[]\" \/><input type=\"hidden\" name=\"_wpcf7cf_hidden_groups\" value=\"[]\" \/><input type=\"hidden\" name=\"_wpcf7cf_visible_groups\" value=\"[]\" \/><input type=\"hidden\" name=\"_wpcf7cf_repeaters\" value=\"[]\" \/><input type=\"hidden\" name=\"_wpcf7cf_steps\" value=\"{}\" \/><input type=\"hidden\" name=\"_wpcf7cf_options\" value=\"{&quot;form_id&quot;:1330,&quot;conditions&quot;:[],&quot;settings&quot;:{&quot;animation&quot;:&quot;yes&quot;,&quot;animation_intime&quot;:200,&quot;animation_outtime&quot;:200,&quot;conditions_ui&quot;:&quot;normal&quot;,&quot;notice_dismissed&quot;:false}}\" \/><input type=\"hidden\" name=\"_wpcf7dtx_version\" value=\"5.0.5\" \/><input type=\"hidden\" name=\"redirect_nonce\" value=\"c7e1dd3783\" \/><input type=\"hidden\" name=\"wpcf7cfpdf_hidden_name\" value=\"document-pdf\" \/><input type=\"hidden\" name=\"wpcf7cfpdf_hidden_reference\" value=\"484188b5\" \/><input type=\"hidden\" name=\"wpcf7cfpdf_hidden_date\" value=\"04172026\" \/><input type=\"hidden\" name=\"_wpcf7_recaptcha_response\" value=\"\" \/>\n<\/fieldset>\n<p><label><span class=\"wpcf7-form-control-wrap\" data-name=\"your-name\"><input size=\"40\" maxlength=\"400\" class=\"wpcf7-form-control wpcf7-text wpcf7-validates-as-required\" aria-required=\"true\" aria-invalid=\"false\" placeholder=\"\u0418\u043c\u044f *\" value=\"\" type=\"text\" name=\"your-name\" \/><\/span><\/label>\n<\/p>\n<p><label><span class=\"wpcf7-form-control-wrap\" data-name=\"your-email\"><input size=\"40\" maxlength=\"400\" class=\"wpcf7-form-control wpcf7-email wpcf7-validates-as-required wpcf7-text wpcf7-validates-as-email\" aria-required=\"true\" aria-invalid=\"false\" placeholder=\"\u0415-\u043f\u043e\u0447\u0442\u0430 *\" value=\"\" type=\"email\" name=\"your-email\" \/><\/span><\/label>\n<\/p>\n<p><label><span class=\"wpcf7-form-control-wrap\" data-name=\"your-message\"><textarea cols=\"40\" rows=\"10\" maxlength=\"2000\" class=\"wpcf7-form-control wpcf7-textarea\" aria-invalid=\"false\" placeholder=\"\u0421\u043e\u043e\u0431\u0449\u0435\u043d\u0438\u0435\" name=\"your-message\"><\/textarea><\/span><\/label>\n<\/p>\n<p><input class=\"wpcf7-form-control wpcf7-submit has-spinner\" type=\"submit\" value=\"\u041e\u0442\u043f\u0440\u0430\u0432\u043b\u044f\u0439\" \/>\n<\/p><div class=\"wpcf7-response-output\" aria-hidden=\"true\"><\/div>\n<\/form>\n<\/div>\n\n\t\t<\/div>\n\t\t\t\t\t<\/div>\n\n\t\n<\/div>\n","protected":false},"excerpt":{"rendered":"","protected":false},"author":1,"featured_media":0,"parent":0,"menu_order":0,"comment_status":"closed","ping_status":"closed","template":"page-blank.php","meta":{"_acf_changed":false,"footnotes":""},"class_list":["post-1053","page","type-page","status-publish","hentry"],"acf":[],"yoast_head":"<!-- This site is optimized with the Yoast SEO plugin v27.4 - https:\/\/yoast.com\/product\/yoast-seo-wordpress\/ -->\n<title>\u041f\u0440\u043e\u0434\u0430\u0436\u0430 \u0438 \u043e\u0431\u0441\u043b\u0443\u0436\u0438\u0432\u0430\u043d\u0438\u0435 \u043e\u0442\u043e\u043f\u0438\u0442\u0435\u043b\u044c\u043d\u044b\u0445 \u0441\u0438\u0441\u0442\u0435\u043c<\/title>\n<meta name=\"description\" content=\"\u0414\u0440\u043e\u0432\u044f\u043d\u043e\u0435 \u043e\u0442\u043e\u043f\u043b\u0435\u043d\u0438\u0435, \u0433\u0430\u0437\u043e\u0432\u043e\u0435 \u043e\u0442\u043e\u043f\u043b\u0435\u043d\u0438\u0435, \u0432\u043e\u0437\u0434\u0443\u0448\u043d\u044b\u0435 \u0438 \u043d\u0430\u0437\u0435\u043c\u043d\u044b\u0435 \u0442\u0435\u043f\u043b\u043e\u0432\u044b\u0435 \u043d\u0430\u0441\u043e\u0441\u044b \u2013 \u043f\u0440\u043e\u0434\u0430\u0436\u0430, \u0442\u0435\u0445\u043e\u0431\u0441\u043b\u0443\u0436\u0438\u0432\u0430\u043d\u0438\u0435 \u0438 \u0443\u0441\u0442\u0430\u043d\u043e\u0432\u043a\u0430.\" \/>\n<meta name=\"robots\" content=\"index, follow, max-snippet:-1, max-image-preview:large, max-video-preview:-1\" \/>\n<link rel=\"canonical\" href=\"https:\/\/kyttering.eu\/ru\/\" \/>\n<meta property=\"og:locale\" content=\"ru_RU\" \/>\n<meta property=\"og:type\" content=\"article\" \/>\n<meta property=\"og:title\" content=\"\u041f\u0440\u043e\u0434\u0430\u0436\u0430 \u0438 \u043e\u0431\u0441\u043b\u0443\u0436\u0438\u0432\u0430\u043d\u0438\u0435 \u043e\u0442\u043e\u043f\u0438\u0442\u0435\u043b\u044c\u043d\u044b\u0445 \u0441\u0438\u0441\u0442\u0435\u043c\" \/>\n<meta property=\"og:description\" content=\"\u0414\u0440\u043e\u0432\u044f\u043d\u043e\u0435 \u043e\u0442\u043e\u043f\u043b\u0435\u043d\u0438\u0435, \u0433\u0430\u0437\u043e\u0432\u043e\u0435 \u043e\u0442\u043e\u043f\u043b\u0435\u043d\u0438\u0435, \u0432\u043e\u0437\u0434\u0443\u0448\u043d\u044b\u0435 \u0438 \u043d\u0430\u0437\u0435\u043c\u043d\u044b\u0435 \u0442\u0435\u043f\u043b\u043e\u0432\u044b\u0435 \u043d\u0430\u0441\u043e\u0441\u044b \u2013 \u043f\u0440\u043e\u0434\u0430\u0436\u0430, \u0442\u0435\u0445\u043e\u0431\u0441\u043b\u0443\u0436\u0438\u0432\u0430\u043d\u0438\u0435 \u0438 \u0443\u0441\u0442\u0430\u043d\u043e\u0432\u043a\u0430.\" \/>\n<meta property=\"og:url\" content=\"https:\/\/kyttering.eu\/ru\/\" \/>\n<meta property=\"og:site_name\" content=\"K\u00fcttes\u00fcsteemide m\u00fc\u00fck ja hooldus\" \/>\n<meta property=\"article:publisher\" content=\"https:\/\/www.facebook.com\/kyttering\" \/>\n<meta property=\"article:modified_time\" content=\"2021-03-04T12:57:40+00:00\" \/>\n<meta name=\"twitter:card\" content=\"summary_large_image\" \/>\n<script type=\"application\/ld+json\" class=\"yoast-schema-graph\">{\"@context\":\"https:\\\/\\\/schema.org\",\"@graph\":[{\"@type\":\"WebPage\",\"@id\":\"https:\\\/\\\/kyttering.eu\\\/ru\\\/\",\"url\":\"https:\\\/\\\/kyttering.eu\\\/ru\\\/\",\"name\":\"\u041f\u0440\u043e\u0434\u0430\u0436\u0430 \u0438 \u043e\u0431\u0441\u043b\u0443\u0436\u0438\u0432\u0430\u043d\u0438\u0435 \u043e\u0442\u043e\u043f\u0438\u0442\u0435\u043b\u044c\u043d\u044b\u0445 \u0441\u0438\u0441\u0442\u0435\u043c\",\"isPartOf\":{\"@id\":\"https:\\\/\\\/kyttering.eu\\\/ru\\\/#website\"},\"datePublished\":\"2021-01-28T12:27:23+00:00\",\"dateModified\":\"2021-03-04T12:57:40+00:00\",\"description\":\"\u0414\u0440\u043e\u0432\u044f\u043d\u043e\u0435 \u043e\u0442\u043e\u043f\u043b\u0435\u043d\u0438\u0435, \u0433\u0430\u0437\u043e\u0432\u043e\u0435 \u043e\u0442\u043e\u043f\u043b\u0435\u043d\u0438\u0435, \u0432\u043e\u0437\u0434\u0443\u0448\u043d\u044b\u0435 \u0438 \u043d\u0430\u0437\u0435\u043c\u043d\u044b\u0435 \u0442\u0435\u043f\u043b\u043e\u0432\u044b\u0435 \u043d\u0430\u0441\u043e\u0441\u044b \u2013 \u043f\u0440\u043e\u0434\u0430\u0436\u0430, \u0442\u0435\u0445\u043e\u0431\u0441\u043b\u0443\u0436\u0438\u0432\u0430\u043d\u0438\u0435 \u0438 \u0443\u0441\u0442\u0430\u043d\u043e\u0432\u043a\u0430.\",\"breadcrumb\":{\"@id\":\"https:\\\/\\\/kyttering.eu\\\/ru\\\/#breadcrumb\"},\"inLanguage\":\"ru-RU\",\"potentialAction\":[{\"@type\":\"ReadAction\",\"target\":[\"https:\\\/\\\/kyttering.eu\\\/ru\\\/\"]}]},{\"@type\":\"BreadcrumbList\",\"@id\":\"https:\\\/\\\/kyttering.eu\\\/ru\\\/#breadcrumb\",\"itemListElement\":[{\"@type\":\"ListItem\",\"position\":1,\"name\":\"Home\",\"item\":\"https:\\\/\\\/kyttering.eu\\\/ru\\\/\"},{\"@type\":\"ListItem\",\"position\":2,\"name\":\"\u0413\u043b\u0430\u0432\u043d\u0430\u044f \u0441\u0442\u0440\u0430\u043d\u0438\u0446\u0430\"}]},{\"@type\":\"WebSite\",\"@id\":\"https:\\\/\\\/kyttering.eu\\\/ru\\\/#website\",\"url\":\"https:\\\/\\\/kyttering.eu\\\/ru\\\/\",\"name\":\"K\u00fcttes\u00fcsteemide m\u00fc\u00fck ja hooldus\",\"description\":\"Keskk\u00fcttes\u00fcsteemide ehitamine, gaasikatelde m\u00fc\u00fck, paigaldus, hooldus ja garantii.\",\"potentialAction\":[{\"@type\":\"SearchAction\",\"target\":{\"@type\":\"EntryPoint\",\"urlTemplate\":\"https:\\\/\\\/kyttering.eu\\\/ru\\\/?s={search_term_string}\"},\"query-input\":{\"@type\":\"PropertyValueSpecification\",\"valueRequired\":true,\"valueName\":\"search_term_string\"}}],\"inLanguage\":\"ru-RU\"}]}<\/script>\n<!-- \/ Yoast SEO plugin. -->","yoast_head_json":{"title":"\u041f\u0440\u043e\u0434\u0430\u0436\u0430 \u0438 \u043e\u0431\u0441\u043b\u0443\u0436\u0438\u0432\u0430\u043d\u0438\u0435 \u043e\u0442\u043e\u043f\u0438\u0442\u0435\u043b\u044c\u043d\u044b\u0445 \u0441\u0438\u0441\u0442\u0435\u043c","description":"\u0414\u0440\u043e\u0432\u044f\u043d\u043e\u0435 \u043e\u0442\u043e\u043f\u043b\u0435\u043d\u0438\u0435, \u0433\u0430\u0437\u043e\u0432\u043e\u0435 \u043e\u0442\u043e\u043f\u043b\u0435\u043d\u0438\u0435, \u0432\u043e\u0437\u0434\u0443\u0448\u043d\u044b\u0435 \u0438 \u043d\u0430\u0437\u0435\u043c\u043d\u044b\u0435 \u0442\u0435\u043f\u043b\u043e\u0432\u044b\u0435 \u043d\u0430\u0441\u043e\u0441\u044b \u2013 \u043f\u0440\u043e\u0434\u0430\u0436\u0430, \u0442\u0435\u0445\u043e\u0431\u0441\u043b\u0443\u0436\u0438\u0432\u0430\u043d\u0438\u0435 \u0438 \u0443\u0441\u0442\u0430\u043d\u043e\u0432\u043a\u0430.","robots":{"index":"index","follow":"follow","max-snippet":"max-snippet:-1","max-image-preview":"max-image-preview:large","max-video-preview":"max-video-preview:-1"},"canonical":"https:\/\/kyttering.eu\/ru\/","og_locale":"ru_RU","og_type":"article","og_title":"\u041f\u0440\u043e\u0434\u0430\u0436\u0430 \u0438 \u043e\u0431\u0441\u043b\u0443\u0436\u0438\u0432\u0430\u043d\u0438\u0435 \u043e\u0442\u043e\u043f\u0438\u0442\u0435\u043b\u044c\u043d\u044b\u0445 \u0441\u0438\u0441\u0442\u0435\u043c","og_description":"\u0414\u0440\u043e\u0432\u044f\u043d\u043e\u0435 \u043e\u0442\u043e\u043f\u043b\u0435\u043d\u0438\u0435, \u0433\u0430\u0437\u043e\u0432\u043e\u0435 \u043e\u0442\u043e\u043f\u043b\u0435\u043d\u0438\u0435, \u0432\u043e\u0437\u0434\u0443\u0448\u043d\u044b\u0435 \u0438 \u043d\u0430\u0437\u0435\u043c\u043d\u044b\u0435 \u0442\u0435\u043f\u043b\u043e\u0432\u044b\u0435 \u043d\u0430\u0441\u043e\u0441\u044b \u2013 \u043f\u0440\u043e\u0434\u0430\u0436\u0430, \u0442\u0435\u0445\u043e\u0431\u0441\u043b\u0443\u0436\u0438\u0432\u0430\u043d\u0438\u0435 \u0438 \u0443\u0441\u0442\u0430\u043d\u043e\u0432\u043a\u0430.","og_url":"https:\/\/kyttering.eu\/ru\/","og_site_name":"K\u00fcttes\u00fcsteemide m\u00fc\u00fck ja hooldus","article_publisher":"https:\/\/www.facebook.com\/kyttering","article_modified_time":"2021-03-04T12:57:40+00:00","twitter_card":"summary_large_image","schema":{"@context":"https:\/\/schema.org","@graph":[{"@type":"WebPage","@id":"https:\/\/kyttering.eu\/ru\/","url":"https:\/\/kyttering.eu\/ru\/","name":"\u041f\u0440\u043e\u0434\u0430\u0436\u0430 \u0438 \u043e\u0431\u0441\u043b\u0443\u0436\u0438\u0432\u0430\u043d\u0438\u0435 \u043e\u0442\u043e\u043f\u0438\u0442\u0435\u043b\u044c\u043d\u044b\u0445 \u0441\u0438\u0441\u0442\u0435\u043c","isPartOf":{"@id":"https:\/\/kyttering.eu\/ru\/#website"},"datePublished":"2021-01-28T12:27:23+00:00","dateModified":"2021-03-04T12:57:40+00:00","description":"\u0414\u0440\u043e\u0432\u044f\u043d\u043e\u0435 \u043e\u0442\u043e\u043f\u043b\u0435\u043d\u0438\u0435, \u0433\u0430\u0437\u043e\u0432\u043e\u0435 \u043e\u0442\u043e\u043f\u043b\u0435\u043d\u0438\u0435, \u0432\u043e\u0437\u0434\u0443\u0448\u043d\u044b\u0435 \u0438 \u043d\u0430\u0437\u0435\u043c\u043d\u044b\u0435 \u0442\u0435\u043f\u043b\u043e\u0432\u044b\u0435 \u043d\u0430\u0441\u043e\u0441\u044b \u2013 \u043f\u0440\u043e\u0434\u0430\u0436\u0430, \u0442\u0435\u0445\u043e\u0431\u0441\u043b\u0443\u0436\u0438\u0432\u0430\u043d\u0438\u0435 \u0438 \u0443\u0441\u0442\u0430\u043d\u043e\u0432\u043a\u0430.","breadcrumb":{"@id":"https:\/\/kyttering.eu\/ru\/#breadcrumb"},"inLanguage":"ru-RU","potentialAction":[{"@type":"ReadAction","target":["https:\/\/kyttering.eu\/ru\/"]}]},{"@type":"BreadcrumbList","@id":"https:\/\/kyttering.eu\/ru\/#breadcrumb","itemListElement":[{"@type":"ListItem","position":1,"name":"Home","item":"https:\/\/kyttering.eu\/ru\/"},{"@type":"ListItem","position":2,"name":"\u0413\u043b\u0430\u0432\u043d\u0430\u044f \u0441\u0442\u0440\u0430\u043d\u0438\u0446\u0430"}]},{"@type":"WebSite","@id":"https:\/\/kyttering.eu\/ru\/#website","url":"https:\/\/kyttering.eu\/ru\/","name":"K\u00fcttes\u00fcsteemide m\u00fc\u00fck ja hooldus","description":"Keskk\u00fcttes\u00fcsteemide ehitamine, gaasikatelde m\u00fc\u00fck, paigaldus, hooldus ja garantii.","potentialAction":[{"@type":"SearchAction","target":{"@type":"EntryPoint","urlTemplate":"https:\/\/kyttering.eu\/ru\/?s={search_term_string}"},"query-input":{"@type":"PropertyValueSpecification","valueRequired":true,"valueName":"search_term_string"}}],"inLanguage":"ru-RU"}]}},"_links":{"self":[{"href":"https:\/\/kyttering.eu\/ru\/wp-json\/wp\/v2\/pages\/1053","targetHints":{"allow":["GET"]}}],"collection":[{"href":"https:\/\/kyttering.eu\/ru\/wp-json\/wp\/v2\/pages"}],"about":[{"href":"https:\/\/kyttering.eu\/ru\/wp-json\/wp\/v2\/types\/page"}],"author":[{"embeddable":true,"href":"https:\/\/kyttering.eu\/ru\/wp-json\/wp\/v2\/users\/1"}],"replies":[{"embeddable":true,"href":"https:\/\/kyttering.eu\/ru\/wp-json\/wp\/v2\/comments?post=1053"}],"version-history":[{"count":12,"href":"https:\/\/kyttering.eu\/ru\/wp-json\/wp\/v2\/pages\/1053\/revisions"}],"predecessor-version":[{"id":2669,"href":"https:\/\/kyttering.eu\/ru\/wp-json\/wp\/v2\/pages\/1053\/revisions\/2669"}],"wp:attachment":[{"href":"https:\/\/kyttering.eu\/ru\/wp-json\/wp\/v2\/media?parent=1053"}],"curies":[{"name":"wp","href":"https:\/\/api.w.org\/{rel}","templated":true}]}}